{"id":85,"date":"2012-09-15T05:59:43","date_gmt":"2012-09-15T03:59:43","guid":{"rendered":"http:\/\/www.stenbocksgarden.se\/?page_id=85"},"modified":"2020-10-06T00:49:26","modified_gmt":"2020-10-05T22:49:26","slug":"newpage442c","status":"publish","type":"page","link":"https:\/\/www.stenbocksgarden.se\/","title":{"rendered":"Start"},"content":{"rendered":"<p><img decoding=\"async\" loading=\"lazy\" class=\"alignnone size-medium wp-image-381\" title=\"start\" src=\"http:\/\/www.stenbocksgarden.se\/wp-content\/uploads\/start-300x199.jpg\" alt=\"\" width=\"300\" height=\"199\" srcset=\"https:\/\/www.stenbocksgarden.se\/wp-content\/uploads\/start-300x199.jpg 300w, https:\/\/www.stenbocksgarden.se\/wp-content\/uploads\/start.jpg 560w\" sizes=\"(max-width: 300px) 100vw, 300px\" \/><\/p>\n<p>Stenbocksg\u00e5rden erbjuder bland annat:<\/p>\n<h3><strong><a title=\"Lokaler\" rel=\"nofollow\" href=\"http:\/\/www.stenbocksgarden.se\/?page_id=95\"><strong>Samlingslokaler<\/strong><\/a> till br\u00f6llop, dop, minnesstunder, h\u00f6gtidsdagar, f\u00f6rel\u00e4sningar, studentmiddagen, bingo osv. <a title=\"Lokaler\" rel=\"nofollow\" href=\"http:\/\/www.stenbocksgarden.se\/?page_id=95\">H\u00e4r<\/a> finns v\u00e5ra olika lokaler.<\/strong><\/h3>\n<h3><strong>Bygg<\/strong><br \/>\n<a title=\"Skylift\" rel=\"nofollow\" href=\"http:\/\/www.stenbocksgarden.se\/?page_id=98\">Skylift<\/a>, Byggst\u00e4llning <a title=\"Byggst\u00e4llning Haki\" rel=\"nofollow\" href=\"http:\/\/www.stenbocksgarden.se\/?page_id=99\">Haki<\/a> &amp; <a title=\"Byggst\u00e4llning Zip-Up Alumin.\" rel=\"nofollow\" href=\"http:\/\/www.stenbocksgarden.se\/?page_id=258\">ZipUp<\/a><\/h3>\n<h3><a title=\"Vinterf\u00f6rvaring fordon\" rel=\"nofollow\" href=\"http:\/\/www.stenbocksgarden.se\/?page_id=770\"><strong>Vinterf\u00f6rvaring av fordon<\/strong><\/a> i mycket fr\u00e4scha lokaler i Dalum. Var ute i god tid f\u00f6r att s\u00e4kerst\u00e4lla en plats.<\/h3>\n<h4><\/h4>\n","protected":false},"excerpt":{"rendered":"<p>Stenbocksg\u00e5rden erbjuder bland annat: Samlingslokaler till br\u00f6llop, dop, minnesstunder, h\u00f6gtidsdagar, f\u00f6rel\u00e4sningar, studentmiddagen, bingo osv. H\u00e4r finns v\u00e5ra olika lokaler. Bygg Skylift, Byggst\u00e4llning Haki &amp; ZipUp Vinterf\u00f6rvaring av fordon i mycket fr\u00e4scha lokaler i Dalum. Var ute i god tid f\u00f6r att s\u00e4kerst\u00e4lla en plats.<\/p>\n","protected":false},"author":1,"featured_media":0,"parent":0,"menu_order":1,"comment_status":"closed","ping_status":"open","template":"","meta":[],"_links":{"self":[{"href":"https:\/\/www.stenbocksgarden.se\/index.php?rest_route=\/wp\/v2\/pages\/85"}],"collection":[{"href":"https:\/\/www.stenbocksgarden.se\/index.php?rest_route=\/wp\/v2\/pages"}],"about":[{"href":"https:\/\/www.stenbocksgarden.se\/index.php?rest_route=\/wp\/v2\/types\/page"}],"author":[{"embeddable":true,"href":"https:\/\/www.stenbocksgarden.se\/index.php?rest_route=\/wp\/v2\/users\/1"}],"replies":[{"embeddable":true,"href":"https:\/\/www.stenbocksgarden.se\/index.php?rest_route=%2Fwp%2Fv2%2Fcomments&post=85"}],"version-history":[{"count":97,"href":"https:\/\/www.stenbocksgarden.se\/index.php?rest_route=\/wp\/v2\/pages\/85\/revisions"}],"predecessor-version":[{"id":1383,"href":"https:\/\/www.stenbocksgarden.se\/index.php?rest_route=\/wp\/v2\/pages\/85\/revisions\/1383"}],"wp:attachment":[{"href":"https:\/\/www.stenbocksgarden.se\/index.php?rest_route=%2Fwp%2Fv2%2Fmedia&parent=85"}],"curies":[{"name":"wp","href":"https:\/\/api.w.org\/{rel}","templated":true}]}}