{"id":108,"date":"2012-09-15T05:59:45","date_gmt":"2012-09-15T03:59:45","guid":{"rendered":"http:\/\/www.stenbocksgarden.se\/?page_id=108"},"modified":"2020-10-06T00:54:08","modified_gmt":"2020-10-05T22:54:08","slug":"kontakt","status":"publish","type":"page","link":"https:\/\/www.stenbocksgarden.se\/?page_id=108","title":{"rendered":"Kontakt"},"content":{"rendered":"<p><strong>Kontakt<\/strong> <strong>och Bes\u00f6k<\/strong><\/p>\n<p>Mail:\u00a0 info@stenbocksgarden.se<br \/>\nTelefon:\u00a0 0707-71 10 20 eller 0321-310 20<\/p>\n<p>Bes\u00f6ksadress:<br \/>\nStenbocksgatan 30 (Gamla IOGT-huset, HCH och k\u00f6rkortsuppk\u00f6rning)<br \/>\n523 35 Ulricehamn<\/p>\n<p><strong>S\u00e5 h\u00e4r hittar du hit<\/strong><\/p>\n<p>GPS-Koordinater:<\/p>\n<p>WGS 84: N57\u00b0 47.585, E13\u00b0 25.154<br \/>\nWGS 84 decimal: 57.79309, 13.41923<br \/>\nRT90: 6410108, 1358115<br \/>\nSWEREF99: 6406771, 406029<\/p>\n<p><strong><img decoding=\"async\" loading=\"lazy\" title=\"karta\" src=\"http:\/\/www.stenbocksgarden.se\/wp-content\/uploads\/karta.jpg\" alt=\"\" width=\"500\" height=\"500\" \/><\/strong><\/p>\n","protected":false},"excerpt":{"rendered":"<p>Kontakt och Bes\u00f6k Mail:\u00a0 info@stenbocksgarden.se Telefon:\u00a0 0707-71 10 20 eller 0321-310 20 Bes\u00f6ksadress: Stenbocksgatan 30 (Gamla IOGT-huset, HCH och k\u00f6rkortsuppk\u00f6rning) 523 35 Ulricehamn S\u00e5 h\u00e4r hittar du hit GPS-Koordinater: WGS 84: N57\u00b0 47.585, E13\u00b0 25.154 WGS 84 decimal: 57.79309, 13.41923 RT90: 6410108, 1358115 SWEREF99: 6406771, 406029<\/p>\n","protected":false},"author":1,"featured_media":0,"parent":0,"menu_order":800,"comment_status":"closed","ping_status":"open","template":"","meta":[],"_links":{"self":[{"href":"https:\/\/www.stenbocksgarden.se\/index.php?rest_route=\/wp\/v2\/pages\/108"}],"collection":[{"href":"https:\/\/www.stenbocksgarden.se\/index.php?rest_route=\/wp\/v2\/pages"}],"about":[{"href":"https:\/\/www.stenbocksgarden.se\/index.php?rest_route=\/wp\/v2\/types\/page"}],"author":[{"embeddable":true,"href":"https:\/\/www.stenbocksgarden.se\/index.php?rest_route=\/wp\/v2\/users\/1"}],"replies":[{"embeddable":true,"href":"https:\/\/www.stenbocksgarden.se\/index.php?rest_route=%2Fwp%2Fv2%2Fcomments&post=108"}],"version-history":[{"count":5,"href":"https:\/\/www.stenbocksgarden.se\/index.php?rest_route=\/wp\/v2\/pages\/108\/revisions"}],"predecessor-version":[{"id":1401,"href":"https:\/\/www.stenbocksgarden.se\/index.php?rest_route=\/wp\/v2\/pages\/108\/revisions\/1401"}],"wp:attachment":[{"href":"https:\/\/www.stenbocksgarden.se\/index.php?rest_route=%2Fwp%2Fv2%2Fmedia&parent=108"}],"curies":[{"name":"wp","href":"https:\/\/api.w.org\/{rel}","templated":true}]}}